{"id":171,"date":"2022-03-31T09:23:39","date_gmt":"2022-03-31T09:23:39","guid":{"rendered":"https:\/\/gabrieletesta.it\/?page_id=171"},"modified":"2026-03-16T15:10:49","modified_gmt":"2026-03-16T15:10:49","slug":"home_en","status":"publish","type":"page","link":"https:\/\/gabrieletesta.it\/it\/","title":{"rendered":"home"},"content":{"rendered":"<div style=\"height:95px\" aria-hidden=\"true\" class=\"wp-block-spacer\"><\/div>\n\n\n\n<div class=\"wp-block-cover alignfull is-light has-parallax\" style=\"margin-top:0;margin-bottom:0;padding-top:0;padding-right:var(--wp--preset--spacing--50);padding-bottom:0;padding-left:var(--wp--preset--spacing--50);min-height:500px;aspect-ratio:unset;\"><div class=\"wp-block-cover__image-background wp-image-1651 has-parallax\" style=\"background-position:50% 50%;background-image:url(https:\/\/gabrieletesta.it\/wp-content\/uploads\/2025\/03\/Copertina-HOME-5.jpg)\"><\/div><span aria-hidden=\"true\" class=\"wp-block-cover__background has-background-dim\"><\/span><div class=\"wp-block-cover__inner-container is-layout-constrained wp-container-core-cover-is-layout-cb151cc7 wp-block-cover-is-layout-constrained\">\n<h1 class=\"wp-block-heading has-text-align-center has-ast-global-color-0-color has-text-color has-link-color wp-elements-2d6c68b61dfc985e297a21d6251d0360\">Dai un'occhiata ai miei lavori<\/h1>\n<\/div><\/div>\n\n\n\n<div class=\"wp-block-group is-layout-flow wp-block-group-is-layout-flow\" style=\"margin-top:0px\">\n<figure class=\"wp-block-embed is-type-video is-provider-vimeo wp-block-embed-vimeo wp-embed-aspect-16-9 wp-has-aspect-ratio\" style=\"margin-top:0px\"><div class=\"wp-block-embed__wrapper\">\n<div class=\"ast-oembed-container\" style=\"height: 100%;\"><iframe title=\"GABRIELE TESTA - Showreel 2025\" src=\"https:\/\/player.vimeo.com\/video\/1068884083?dnt=1&amp;app_id=122963\" width=\"500\" height=\"281\" frameborder=\"0\" allow=\"autoplay; fullscreen; picture-in-picture; clipboard-write; encrypted-media; web-share\" referrerpolicy=\"strict-origin-when-cross-origin\"><\/iframe><\/div>\n<\/div><\/figure>\n<\/div>\n\n\n\n<div class=\"wp-block-group is-layout-constrained wp-block-group-is-layout-constrained\">\n<div class=\"wp-block-columns are-vertically-aligned-center is-layout-flex wp-container-core-columns-is-layout-28f84493 wp-block-columns-is-layout-flex\">\n<div class=\"wp-block-column is-vertically-aligned-center is-layout-flow wp-block-column-is-layout-flow\" style=\"flex-basis:33%\">\n<figure class=\"wp-block-image aligncenter size-medium is-resized has-custom-border responsiveio wp-duotone-unset-1\"><img fetchpriority=\"high\" decoding=\"async\" width=\"193\" height=\"300\" src=\"https:\/\/gabrieletesta-it.preview-domain.com\/wp-content\/uploads\/2023\/12\/FOTO-sito-193x300.png\" alt=\"\" class=\"wp-image-506\" style=\"border-radius:92px;width:370px;height:auto\" srcset=\"https:\/\/gabrieletesta.it\/wp-content\/uploads\/2023\/12\/FOTO-sito-193x300.png 193w, https:\/\/gabrieletesta.it\/wp-content\/uploads\/2023\/12\/FOTO-sito.png 600w\" sizes=\"(max-width: 193px) 100vw, 193px\" \/><\/figure>\n<\/div>\n\n\n\n<div class=\"wp-block-column is-vertically-aligned-center is-layout-flow wp-block-column-is-layout-flow\" style=\"flex-basis:66%\">\n<div class=\"wp-block-group is-vertical is-layout-flex wp-container-core-group-is-layout-fe9cc265 wp-block-group-is-layout-flex\">\n<h2 class=\"wp-block-heading\" style=\"font-size:64px;font-style:normal;font-weight:700;text-transform:none\">Ciao! Sono un <em>Videomaker<\/em><\/h2>\n\n\n\n<p class=\"line-height: 50px has-x-large-font-size translation-block\">Amo il potere delle storie,\nsoprattutto quando vengono raccontate\nattraverso l'arte visiva.<\/p>\n\n\n\n<div class=\"wp-block-buttons is-layout-flex wp-block-buttons-is-layout-flex\">\n<div class=\"wp-block-button is-style-fill\"><a class=\"wp-block-button__link wp-element-button\" href=\"https:\/\/gabrieletesta.it\/it\/about-me\/\">Chi sono...<\/a><\/div>\n<\/div>\n<\/div>\n<\/div>\n<\/div>\n<\/div>\n\n\n\n<div class=\"wp-block-group is-layout-constrained wp-block-group-is-layout-constrained\">\n<div aria-hidden=\"true\" class=\"wp-block-spacer spacer-mobile\"><\/div>\n\n\n\n<h2 class=\"wp-block-heading has-text-align-left has-ast-global-color-0-color has-text-color has-link-color wp-elements-50af2fe8f833df9c7716c6299ec36a8e\" style=\"margin-top:0;margin-bottom:0;padding-top:var(--wp--preset--spacing--50);padding-bottom:var(--wp--preset--spacing--50);text-transform:uppercase\">Documentari<\/h2>\n\n\n\n<div class=\"wp-block-group alignfull is-layout-constrained wp-block-group-is-layout-constrained\">\n<h3 class=\"wp-block-heading has-text-align-left has-white-color has-text-color has-link-color wp-elements-456cb9dfb2233150efb4760568b8733f\" style=\"text-transform:none\">Come nasce un'acquaforte - Marco Tallone<\/h3>\n\n\n\n<p class=\"has-text-align-left has-ast-global-color-0-color has-text-color has-link-color wp-elements-e0567ef7650474b3148370a825de2591\"><strong>DOCUMENTARIO<\/strong> &#8211; 15&#8242; &#8211; 2026<\/p>\n\n\n\n<div class=\"wp-block-columns alignfull is-layout-flex wp-container-core-columns-is-layout-28f84493 wp-block-columns-is-layout-flex\" style=\"border-style:none;border-width:0px\">\n<div class=\"wp-block-column is-vertically-aligned-center has-border-color has-ast-global-color-0-border-color is-layout-flow wp-block-column-is-layout-flow\" style=\"border-width:2px;flex-basis:70%\">\n<a rel=\"nofollow noreferrer\" href=\"https:\/\/www.youtube.com\/watch?v=yRuogpgikvM&amp;t=286s\" class=\"vp-a vp-yt-type vp-modal-click vp-modal-click_shortcode vp-has-img\"><img decoding=\"async\" class=\"vp-img\" src=\"https:\/\/gabrieletesta.it\/wp-content\/uploads\/2026\/03\/ACQUAFORTE_Thumb.png\"><\/a>\n<\/div>\n\n\n\n<div class=\"wp-block-column is-content-justification-center is-layout-constrained wp-container-core-column-is-layout-3c3f788b wp-block-column-is-layout-constrained\" style=\"padding-top:var(--wp--preset--spacing--70);padding-bottom:var(--wp--preset--spacing--70);flex-basis:70%\">\n<p class=\"text-justified translation-block\">L'incisione \u00e8 un processo lento. Una lastra di rame, acido, inchiostro, pressione.\nHo seguito un artista mentre cercava una fabbrica abbandonata a Torino, trasformando cemento, ruggine e ricordi in arte.<\/p>\n<\/div>\n<\/div>\n<\/div>\n\n\n\n<div style=\"height:75px\" aria-hidden=\"true\" class=\"wp-block-spacer spacer-mobile\"><\/div>\n\n\n\n<div class=\"wp-block-group alignfull is-layout-constrained wp-block-group-is-layout-constrained\">\n<h3 class=\"wp-block-heading has-text-align-left has-white-color has-text-color has-link-color wp-elements-a58d9ed66166f243007f726fd2eb92db\" style=\"text-transform:none\">DIL KUMARI &#8211; Un altro modo per raccontare il Nepal<\/h3>\n\n\n\n<p class=\"has-text-align-left has-ast-global-color-0-color has-text-color has-link-color wp-elements-024e7251823cb1827d8d4bb6a9da74ee\"><strong>DOCUMENTARIO<\/strong> &#8211; 32&#8242; &#8211; 2025<\/p>\n\n\n\n<div class=\"wp-block-columns alignfull is-layout-flex wp-container-core-columns-is-layout-28f84493 wp-block-columns-is-layout-flex\" style=\"border-style:none;border-width:0px\">\n<div class=\"wp-block-column is-vertically-aligned-center has-border-color has-ast-global-color-0-border-color is-layout-flow wp-block-column-is-layout-flow\" style=\"border-width:2px;flex-basis:70%\">\n<a rel=\"nofollow noreferrer\" href=\"https:\/\/youtu.be\/S6Uryvl752o?si=sdGboQvp9KBPpb0E\" class=\"vp-a vp-yt-type vp-modal-click vp-modal-click_shortcode vp-has-img\"><img decoding=\"async\" class=\"vp-img\" src=\"https:\/\/gabrieletesta.it\/wp-content\/uploads\/2025\/03\/DIL-KUMARI_Thumb.png\"><\/a>\n<\/div>\n\n\n\n<div class=\"wp-block-column is-content-justification-center is-layout-constrained wp-container-core-column-is-layout-3c3f788b wp-block-column-is-layout-constrained\" style=\"padding-top:var(--wp--preset--spacing--70);padding-bottom:var(--wp--preset--spacing--70);flex-basis:70%\">\n<p class=\"text-justified\">Il Nepal \u00e8 spesso raccontato attraverso le imprese degli alpinisti o i suoi antichi templi e monasteri.<\/p>\n\n\n\n<p class=\"text-justified\"><strong>\"Dil Kumari\"<\/strong> offre una prospettiva diversa, mostrando il Paese attraverso gli occhi di chi lo vive ogni giorno, affrontando solitudine e abbandono infantile con azioni concrete.\nUna storia di speranza, lotta e cambiamento.<\/p>\n<\/div>\n<\/div>\n<\/div>\n\n\n\n<div style=\"height:75px\" aria-hidden=\"true\" class=\"wp-block-spacer spacer-mobile\"><\/div>\n\n\n\n<div class=\"wp-block-group alignfull is-layout-constrained wp-block-group-is-layout-constrained\">\n<h3 class=\"wp-block-heading has-text-align-left has-white-color has-text-color has-link-color wp-elements-ed5a1a0e72fc5c3f05b419c22f277a76\" style=\"text-transform:none\">VITE &#8211; Ritratti di Langa <\/h3>\n\n\n\n<p class=\"has-text-align-left has-ast-global-color-0-color has-text-color has-link-color wp-elements-e0dcf8d1fec85322723f4e72faaebd90\"><strong>DOCUMENTARIO<\/strong> &#8211; 50&#8242; &#8211; 2025<\/p>\n\n\n\n<p class=\"has-text-align-left has-white-color has-text-color has-link-color wp-elements-8a4f2424f7b103d78f99607a521de8e1\">Diretto da<strong> Alessandro Viberti<\/strong><br>Role: <strong>DOP<\/strong><\/p>\n\n\n\n<div class=\"wp-block-columns alignfull is-layout-flex wp-container-core-columns-is-layout-28f84493 wp-block-columns-is-layout-flex\" style=\"border-style:none;border-width:0px\">\n<div class=\"wp-block-column is-vertically-aligned-center has-border-color has-ast-global-color-0-border-color is-layout-flow wp-block-column-is-layout-flow\" style=\"border-width:2px;flex-basis:70%\">\n<a rel=\"nofollow noreferrer\" href=\"https:\/\/www.youtube.com\/watch?v=EcnCBkxEBiE\" class=\"vp-a vp-yt-type vp-modal-click vp-modal-click_shortcode vp-has-img\"><img decoding=\"async\" class=\"vp-img\" src=\"https:\/\/gabrieletesta.it\/wp-content\/uploads\/2025\/05\/Thumb_VITE.png\"><\/a>\n<\/div>\n\n\n\n<div class=\"wp-block-column is-content-justification-center is-layout-constrained wp-container-core-column-is-layout-712e0862 wp-block-column-is-layout-constrained\" style=\"padding-top:0;padding-bottom:0;flex-basis:70%\">\n<p class=\"text-justified\">Le Langhe, patrimonio UNESCO dal 2014, sono una delle mete enogastronomiche pi\u00f9 rinomate al mondo. Ai margini della sfera enologica esiste una dimensione che spesso rischia di essere trascurata: la produzione artistica e culturale.\nIl documentario racconta ed esplora la storia di 4 artisti locali: Pierflavio Gallina, Rita Barbero, Ferruccio Borgogno ed Elia Samp\u00f2. Nella loro arte il territorio e il vino assumono un ruolo fondamentale, trasformano sfumature di pensiero capaci di riflettere e riflettersi proponendo una prospettiva alternativa e, forse, meno raccontata delle Langhe.<\/p>\n<\/div>\n<\/div>\n<\/div>\n\n\n\n<div style=\"height:75px\" aria-hidden=\"true\" class=\"wp-block-spacer spacer-mobile\"><\/div>\n\n\n\n<div class=\"wp-block-group alignfull is-layout-constrained wp-block-group-is-layout-constrained\">\n<h3 class=\"wp-block-heading has-text-align-left has-white-color has-text-color has-link-color wp-elements-41f0befa58c82eb4dd4e1fc00008fd1c\" style=\"text-transform:none\">MAKALA &#8211; Per dare voce a chi \u00e8 rimasto senza<\/h3>\n\n\n\n<p class=\"has-text-align-left has-ast-global-color-0-color has-text-color has-link-color wp-elements-d091c4c59e233ff7f8c8c3a7341fc69e\"><strong>DOCUMENTARIO<\/strong> &#8211; 25&#8242; &#8211; 2024<\/p>\n\n\n\n<div class=\"wp-block-columns alignfull is-layout-flex wp-container-core-columns-is-layout-28f84493 wp-block-columns-is-layout-flex\" style=\"border-style:none;border-width:0px\">\n<div class=\"wp-block-column is-vertically-aligned-center has-border-color has-ast-global-color-0-border-color is-layout-flow wp-block-column-is-layout-flow\" style=\"border-width:2px;flex-basis:70%\">\n<a rel=\"nofollow noreferrer\" href=\"https:\/\/vimeo.com\/1065039405?share=copy#t=0\" class=\"vp-a vp-vim-type vp-modal-click vp-modal-click_shortcode vp-has-img\"><img decoding=\"async\" class=\"vp-img\" src=\"https:\/\/gabrieletesta.it\/wp-content\/uploads\/2025\/03\/MAKALA_Thumb.png\"><\/a>\n<\/div>\n\n\n\n<div class=\"wp-block-column is-content-justification-center is-layout-constrained wp-container-core-column-is-layout-3c3f788b wp-block-column-is-layout-constrained\" style=\"padding-top:var(--wp--preset--spacing--70);padding-bottom:var(--wp--preset--spacing--70);flex-basis:70%\">\n<p class=\"text-justified\">Un viaggio attraverso il territorio saluzzese, seguendo l\u2019impegno di <strong>Makala<\/strong>, un\u2019associazione di volontariato che promuove l\u2019integrazione e organizza eventi sociali.<\/p>\n\n\n\n<p class=\"text-justified\">\u00c8 una storia di volontariato, comunit\u00e0 e delle profonde ingiustizie che segnano questa terra. Ingiustizie che generano rabbia, ma \u00e8 proprio quella rabbia ad accendere il cambiamento e a portare speranza.<\/p>\n<\/div>\n<\/div>\n<\/div>\n\n\n\n<div style=\"height:38px\" aria-hidden=\"true\" class=\"wp-block-spacer spacer-mobile\"><\/div>\n\n\n\n<h2 class=\"wp-block-heading has-text-align-left has-ast-global-color-0-color has-text-color has-link-color wp-elements-a3207ee7166f8bee75ca41446feca9dd\" style=\"margin-top:0;margin-bottom:0;padding-top:var(--wp--preset--spacing--50);padding-bottom:var(--wp--preset--spacing--50);text-transform:none\">I MIEI VIDEO MIGLIORI<\/h2>\n\n\n\n<div style=\"height:0px\" aria-hidden=\"true\" class=\"wp-block-spacer spacer-mobile\"><\/div>\n\n\n\n<div class=\"wp-block-columns alignfull invert-table is-layout-flex wp-container-core-columns-is-layout-28f84493 wp-block-columns-is-layout-flex\" style=\"border-style:none;border-width:0px\">\n<div class=\"wp-block-column is-vertically-aligned-center has-border-color has-ast-global-color-0-border-color is-layout-flow wp-block-column-is-layout-flow\" style=\"border-width:2px;flex-basis:50%\">\n<a rel=\"nofollow noreferrer\" href=\"https:\/\/youtu.be\/noQgnShlN1M?si=5Idz4H_8AQDpYVDv\" class=\"vp-a vp-yt-type vp-modal-click vp-modal-click_shortcode vp-has-img\"><img decoding=\"async\" class=\"vp-img\" src=\"https:\/\/gabrieletesta.it\/wp-content\/uploads\/2025\/08\/Thumb_TVB.png\"><\/a>\n<\/div>\n\n\n\n<div class=\"wp-block-column column-mobile-uno is-content-justification-center is-layout-constrained wp-container-core-column-is-layout-3c3f788b wp-block-column-is-layout-constrained\" style=\"padding-top:var(--wp--preset--spacing--70);padding-bottom:var(--wp--preset--spacing--70);flex-basis:70%\">\n<h3 class=\"wp-block-heading has-text-align-left scritte-mobile has-white-color has-text-color has-link-color wp-elements-eefedea562d73860cf1b906ea1cc550e\" style=\"text-transform:none\">Trans Varaita Bike &#8211; Full Movie<\/h3>\n\n\n\n<p class=\"has-text-align-left scritte-mobile has-ast-global-color-0-color has-text-color has-link-color wp-elements-ebf2b57bda992bb08f1930d75394f9be\"><strong>SPORT EVENT RECAP<\/strong> &#8211; 2025<\/p>\n\n\n\n<p class=\"has-text-align-left scritte-mobile has-ast-global-color-0-color has-text-color has-link-color wp-elements-2968ea01142c27919ffe96ee76e4c242\">Role: Operator &#8211; Editor &#8211; Colorist<\/p>\n<\/div>\n<\/div>\n\n\n\n<div style=\"height:49px\" aria-hidden=\"true\" class=\"wp-block-spacer\"><\/div>\n\n\n\n<div class=\"wp-block-columns alignfull is-layout-flex wp-container-core-columns-is-layout-28f84493 wp-block-columns-is-layout-flex\" style=\"border-style:none;border-width:0px\">\n<div class=\"wp-block-column is-vertically-aligned-top column-mobile-uno is-content-justification-center is-layout-constrained wp-container-core-column-is-layout-3c3f788b wp-block-column-is-layout-constrained\" style=\"padding-top:var(--wp--preset--spacing--70);padding-bottom:var(--wp--preset--spacing--70);flex-basis:70%\">\n<h3 class=\"wp-block-heading has-text-align-right scritte-mobile has-white-color has-text-color has-link-color wp-elements-375b037eb69ee2a108dbf4cc6e7565fe\" style=\"text-transform:none\">Jego &#8211; Come Noce<\/h3>\n\n\n\n<p class=\"has-text-align-right scritte-mobile has-ast-global-color-0-color has-text-color has-link-color wp-elements-936a2c2a6cdfa184731200b70640c8a1\"><strong>MUSIC VIDEO<\/strong> &#8211; 2025<\/p>\n\n\n\n<p class=\"has-text-align-right scritte-mobile has-ast-global-color-0-color has-text-color has-link-color wp-elements-5b90a1175b0b106231f92d1e39d4f3d3\">Role: DOP &#8211; Director<\/p>\n<\/div>\n\n\n\n<div class=\"wp-block-column is-vertically-aligned-center has-border-color has-ast-global-color-0-border-color is-layout-flow wp-block-column-is-layout-flow\" style=\"border-width:2px;flex-basis:50%\">\n<a rel=\"nofollow noreferrer\" href=\"https:\/\/www.youtube.com\/watch?v=JCR2MK68WtU\" class=\"vp-a vp-yt-type vp-modal-click vp-modal-click_shortcode vp-has-img\"><img decoding=\"async\" class=\"vp-img\" src=\"https:\/\/gabrieletesta.it\/wp-content\/uploads\/2025\/08\/Thumb_Come-noce.png\"><\/a>\n<\/div>\n<\/div>\n\n\n\n<div style=\"height:49px\" aria-hidden=\"true\" class=\"wp-block-spacer\"><\/div>\n\n\n\n<div class=\"wp-block-columns alignfull invert-table is-layout-flex wp-container-core-columns-is-layout-28f84493 wp-block-columns-is-layout-flex\" style=\"border-style:none;border-width:0px\">\n<div class=\"wp-block-column is-vertically-aligned-center has-border-color has-ast-global-color-0-border-color is-layout-flow wp-block-column-is-layout-flow\" style=\"border-width:2px;flex-basis:50%\">\n<a rel=\"nofollow noreferrer\" href=\"https:\/\/www.youtube.com\/watch?v=eWIZ7UIc2gk\" class=\"vp-a vp-yt-type vp-modal-click vp-modal-click_shortcode vp-has-img\"><img decoding=\"async\" class=\"vp-img\" src=\"https:\/\/gabrieletesta.it\/wp-content\/uploads\/2024\/06\/SILVERBLACK_Thumb.png\"><\/a>\n<\/div>\n\n\n\n<div class=\"wp-block-column column-mobile-uno is-content-justification-center is-layout-constrained wp-container-core-column-is-layout-3c3f788b wp-block-column-is-layout-constrained\" style=\"padding-top:var(--wp--preset--spacing--70);padding-bottom:var(--wp--preset--spacing--70);flex-basis:70%\">\n<h3 class=\"wp-block-heading has-text-align-left scritte-mobile has-white-color has-text-color has-link-color wp-elements-d893ec3478fad708f3180c4846e53f7d\" style=\"text-transform:none\">THE SILVERBLACK &#8211; Apocalypse Now (OFFICIAL VIDEO)<\/h3>\n\n\n\n<p class=\"has-text-align-left scritte-mobile has-ast-global-color-0-color has-text-color has-link-color wp-elements-23f7f49871f9ef92dca960da956a90b3\"><strong>MUSIC VIDEO<\/strong> &#8211; 2024<\/p>\n\n\n\n<p class=\"has-text-align-left scritte-mobile has-ast-global-color-0-color has-text-color has-link-color wp-elements-29cb3be4a3de522e017591bbf61702be\">Role: DOP &#8211; Director<\/p>\n<\/div>\n<\/div>\n\n\n\n<div style=\"height:49px\" aria-hidden=\"true\" class=\"wp-block-spacer\"><\/div>\n\n\n\n<div class=\"wp-block-columns alignfull is-layout-flex wp-container-core-columns-is-layout-28f84493 wp-block-columns-is-layout-flex\" style=\"border-style:none;border-width:0px\">\n<div class=\"wp-block-column is-vertically-aligned-top column-mobile-uno is-content-justification-center is-layout-constrained wp-container-core-column-is-layout-3c3f788b wp-block-column-is-layout-constrained\" style=\"padding-top:var(--wp--preset--spacing--70);padding-bottom:var(--wp--preset--spacing--70);flex-basis:70%\">\n<h3 class=\"wp-block-heading has-text-align-right scritte-mobile has-white-color has-text-color has-link-color wp-elements-a18964516f2867023631a8b8329ea577\" style=\"text-transform:none\">Jego &#8211; Anche fossimo errore<\/h3>\n\n\n\n<p class=\"has-text-align-right scritte-mobile has-ast-global-color-0-color has-text-color has-link-color wp-elements-2c5d22a2eb89f95741388b6da5f05701\"><strong>MUSIC VIDEO<\/strong> &#8211; 2022<\/p>\n\n\n\n<p class=\"has-text-align-right scritte-mobile has-ast-global-color-0-color has-text-color has-link-color wp-elements-5b90a1175b0b106231f92d1e39d4f3d3\">Role: DOP &#8211; Director<\/p>\n<\/div>\n\n\n\n<div class=\"wp-block-column is-vertically-aligned-center has-border-color has-ast-global-color-0-border-color is-layout-flow wp-block-column-is-layout-flow\" style=\"border-width:2px;flex-basis:50%\">\n<a rel=\"nofollow noreferrer\" href=\"https:\/\/www.youtube.com\/watch?v=cEYl7EUOupY\" class=\"vp-a vp-yt-type vp-modal-click vp-modal-click_shortcode vp-has-img\"><img decoding=\"async\" class=\"vp-img\" src=\"https:\/\/gabrieletesta.it\/wp-content\/uploads\/2024\/01\/jego_Thumb_V2.png\"><\/a>\n<\/div>\n<\/div>\n\n\n\n<div style=\"height:45px\" aria-hidden=\"true\" class=\"wp-block-spacer\"><\/div>\n\n\n\n<div style=\"height:48px\" aria-hidden=\"true\" class=\"wp-block-spacer\"><\/div>\n\n\n\n<div class=\"wp-block-buttons is-content-justification-center is-layout-flex wp-container-core-buttons-is-layout-a89b3969 wp-block-buttons-is-layout-flex\">\n<div class=\"wp-block-button\"><a class=\"wp-block-button__link has-text-align-center wp-element-button\" href=\"https:\/\/gabrieletesta.it\/it\/works\/\">See more&#8230;<\/a><\/div>\n<\/div>\n\n\n\n<div style=\"height:37px\" aria-hidden=\"true\" class=\"wp-block-spacer\"><\/div>\n<\/div>\n\n\n\n<div class=\"wp-block-group is-layout-constrained wp-block-group-is-layout-constrained\">\n<h2 class=\"wp-block-heading\" style=\"text-transform:none\">La passione per il videomaking incontra la voglia di viaggiare<\/h2>\n\n\n\n<h3 class=\"wp-block-heading has-white-color has-text-color has-link-color wp-elements-29c2d936555e31001664d8baf15a86b0\" style=\"text-transform:none\">Un'avventura fai da te a Caponord<\/h3>\n\n\n\n<div class=\"wp-block-columns is-layout-flex wp-container-core-columns-is-layout-28f84493 wp-block-columns-is-layout-flex\">\n<div class=\"wp-block-column is-layout-flow wp-block-column-is-layout-flow\">\n<figure class=\"wp-block-image size-full\"><img decoding=\"async\" width=\"640\" height=\"355\" src=\"https:\/\/gabrieletesta.it\/wp-content\/uploads\/2024\/08\/THUMB-Nordkapp-e1724060331857.webp\" alt=\"\" class=\"wp-image-1382\" srcset=\"https:\/\/gabrieletesta.it\/wp-content\/uploads\/2024\/08\/THUMB-Nordkapp-e1724060331857.webp 640w, https:\/\/gabrieletesta.it\/wp-content\/uploads\/2024\/08\/THUMB-Nordkapp-e1724060331857-300x166.webp 300w, https:\/\/gabrieletesta.it\/wp-content\/uploads\/2024\/08\/THUMB-Nordkapp-e1724060331857-36x20.webp 36w, https:\/\/gabrieletesta.it\/wp-content\/uploads\/2024\/08\/THUMB-Nordkapp-e1724060331857-48x27.webp 48w\" sizes=\"(max-width: 640px) 100vw, 640px\" \/><\/figure>\n<\/div>\n\n\n\n<div class=\"wp-block-column is-vertically-aligned-center is-layout-flow wp-block-column-is-layout-flow\">\n<p class=\"text-justified\">Scopri l\u2019avventura in solitaria che mi ha portato sulla vetta d\u2019Europa, filmando ogni momento e vivendo l\u2019esperienza pi\u00f9 incredibile della mia vita!<\/p>\n\n\n\n<div class=\"wp-block-buttons is-content-justification-left is-layout-flex wp-container-core-buttons-is-layout-fc4fd283 wp-block-buttons-is-layout-flex\">\n<div class=\"wp-block-button\"><a class=\"wp-block-button__link wp-element-button\" href=\"https:\/\/gabrieletesta.it\/it\/youtube\/\">Leggi di pi\u00f9...<\/a><\/div>\n<\/div>\n<\/div>\n<\/div>\n\n\n\n<div style=\"height:39px\" aria-hidden=\"true\" class=\"wp-block-spacer\"><\/div>\n<\/div>\n\n\n\n<div style=\"height:100px\" aria-hidden=\"true\" class=\"wp-block-spacer\"><\/div>","protected":false},"excerpt":{"rendered":"<p>Hi! I&#8217;m a Filmmaker I love the power of stories, especially when told through visual art. Documentaries How an etching is born &#8211; Marco Tallone DOCUMENTARY &#8211; 15&#8242; &#8211; 2026 Etching is a slow process. A copper plate, acid, ink, pressure. I followed an artist while he searched for an abandoned factory in Turin, turning [&hellip;]<\/p>","protected":false},"author":1,"featured_media":0,"parent":0,"menu_order":0,"comment_status":"closed","ping_status":"closed","template":"","meta":{"_seopress_robots_primary_cat":"","_seopress_titles_title":"Gabriele Testa - Filmmaker","_seopress_titles_desc":"I love the power of stories, especially when told through visual art.\r\nCONTACT ME for any kind of video production!","_seopress_robots_index":"","site-sidebar-layout":"default","site-content-layout":"","ast-site-content-layout":"","site-content-style":"default","site-sidebar-style":"default","ast-global-header-display":"","ast-banner-title-visibility":"","ast-main-header-display":"","ast-hfb-above-header-display":"","ast-hfb-below-header-display":"","ast-hfb-mobile-header-display":"","site-post-title":"disabled","ast-breadcrumbs-content":"","ast-featured-img":"","footer-sml-layout":"","theme-transparent-header-meta":"","adv-header-id-meta":"","stick-header-meta":"","header-above-stick-meta":"","header-main-stick-meta":"","header-below-stick-meta":"","astra-migrate-meta-layouts":"default","ast-page-background-enabled":"default","ast-page-background-meta":{"desktop":{"background-color":"var(--ast-global-color-4)","background-image":"","background-repeat":"repeat","background-position":"center center","background-size":"auto","background-attachment":"scroll","background-type":"","background-media":"","overlay-type":"","overlay-color":"","overlay-gradient":""},"tablet":{"background-color":"","background-image":"","background-repeat":"repeat","background-position":"center center","background-size":"auto","background-attachment":"scroll","background-type":"","background-media":"","overlay-type":"","overlay-color":"","overlay-gradient":""},"mobile":{"background-color":"","background-image":"","background-repeat":"repeat","background-position":"center center","background-size":"auto","background-attachment":"scroll","background-type":"","background-media":"","overlay-type":"","overlay-color":"","overlay-gradient":""}},"ast-content-background-meta":{"desktop":{"background-color":"var(--ast-global-color-5)","background-image":"","background-repeat":"repeat","background-position":"center center","background-size":"auto","background-attachment":"scroll","background-type":"","background-media":"","overlay-type":"","overlay-color":"","overlay-gradient":""},"tablet":{"background-color":"var(--ast-global-color-5)","background-image":"","background-repeat":"repeat","background-position":"center center","background-size":"auto","background-attachment":"scroll","background-type":"","background-media":"","overlay-type":"","overlay-color":"","overlay-gradient":""},"mobile":{"background-color":"var(--ast-global-color-5)","background-image":"","background-repeat":"repeat","background-position":"center center","background-size":"auto","background-attachment":"scroll","background-type":"","background-media":"","overlay-type":"","overlay-color":"","overlay-gradient":""}},"footnotes":""},"class_list":["post-171","page","type-page","status-publish","hentry"],"_links":{"self":[{"href":"https:\/\/gabrieletesta.it\/it\/wp-json\/wp\/v2\/pages\/171","targetHints":{"allow":["GET"]}}],"collection":[{"href":"https:\/\/gabrieletesta.it\/it\/wp-json\/wp\/v2\/pages"}],"about":[{"href":"https:\/\/gabrieletesta.it\/it\/wp-json\/wp\/v2\/types\/page"}],"author":[{"embeddable":true,"href":"https:\/\/gabrieletesta.it\/it\/wp-json\/wp\/v2\/users\/1"}],"replies":[{"embeddable":true,"href":"https:\/\/gabrieletesta.it\/it\/wp-json\/wp\/v2\/comments?post=171"}],"version-history":[{"count":348,"href":"https:\/\/gabrieletesta.it\/it\/wp-json\/wp\/v2\/pages\/171\/revisions"}],"predecessor-version":[{"id":1822,"href":"https:\/\/gabrieletesta.it\/it\/wp-json\/wp\/v2\/pages\/171\/revisions\/1822"}],"wp:attachment":[{"href":"https:\/\/gabrieletesta.it\/it\/wp-json\/wp\/v2\/media?parent=171"}],"curies":[{"name":"wp","href":"https:\/\/api.w.org\/{rel}","templated":true}]}}